{"id":171,"date":"2025-07-26T23:28:47","date_gmt":"2025-07-26T21:28:47","guid":{"rendered":"http:\/\/axxel.eu\/?page_id=171"},"modified":"2025-08-18T12:19:34","modified_gmt":"2025-08-18T10:19:34","slug":"mousepads-welded-hzzo","status":"publish","type":"page","link":"https:\/\/axxel.eu\/fr\/mousepads-welded-hzzo\/","title":{"rendered":"Mouse Pads Welded HZZO"},"content":{"rendered":"<h2 class=\"wp-block-heading\">TAPIS DE SOURIS OPTIQUE<\/h2>\n\n\n\n<p><strong>Mod\u00e8le : MS-HZZO<\/strong><br><strong>Surface parfaite pour les souris optiques<\/strong> et tout le reste.<\/p>\n\n\n\n<p>Un tapis de souris durable, \u00e0 double couche, con\u00e7u pour les souris optiques et les souris \u00e0 boule. Dot\u00e9 de notre&nbsp;<strong>Film de surface OMP<\/strong>Le tampon HZZO assure un suivi impeccable et de haute pr\u00e9cision, quels que soient le design, la palette de couleurs ou la complexit\u00e9 de l'impression.<\/p>\n\n\n\n<hr class=\"wp-block-separator has-alpha-channel-opacity\"\/>\n\n\n\n<h3 class=\"wp-block-heading\">Caract\u00e9ristiques principales :<\/h3>\n\n\n\n<ul class=\"wp-block-list\">\n<li><strong>Couche sup\u00e9rieure :<\/strong>&nbsp;Film optique OMP, d'une \u00e9paisseur de 0,3 mm, con\u00e7u pour un suivi optique optimal<\/li>\n\n\n\n<li><strong>Couche inf\u00e9rieure :<\/strong>&nbsp;Mousse PVC souple, 1,2 mm d'\u00e9paisseur, gris clair, surface antid\u00e9rapante assurant une excellente prise sur les bureaux.<\/li>\n\n\n\n<li><strong>Impression :<\/strong>&nbsp;Offset UV en quadrichromie (CMYK), imprim\u00e9 \u00e0 l'int\u00e9rieur du film - prot\u00e9g\u00e9 et non abrasif<\/li>\n\n\n\n<li><strong>Scellage :<\/strong>&nbsp;Les bords soud\u00e9s (technologie HF) fusionnent le graphisme avec la mousse - l'image va d'un bord \u00e0 l'autre.<\/li>\n\n\n\n<li><strong>Dimensions standard :<\/strong>&nbsp;220 \u00d7 180 mm rectangle et \u00d8 200 mm rond et plus<\/li>\n\n\n\n<li><strong>Formes et tailles personnalis\u00e9es<\/strong>&nbsp;disponible sur demande<\/li>\n<\/ul>\n\n\n\n<figure class=\"wp-block-image size-full\"><img loading=\"lazy\" decoding=\"async\" width=\"858\" height=\"540\" src=\"http:\/\/axxel.eu\/wp-content\/uploads\/2025\/07\/Zrzut-ekranu-2025-07-27-o-00.00.38.png\" alt=\"\" class=\"wp-image-181\" srcset=\"https:\/\/axxel.eu\/wp-content\/uploads\/2025\/07\/Zrzut-ekranu-2025-07-27-o-00.00.38.png 858w, https:\/\/axxel.eu\/wp-content\/uploads\/2025\/07\/Zrzut-ekranu-2025-07-27-o-00.00.38-300x189.png 300w, https:\/\/axxel.eu\/wp-content\/uploads\/2025\/07\/Zrzut-ekranu-2025-07-27-o-00.00.38-768x483.png 768w\" sizes=\"auto, (max-width: 858px) 100vw, 858px\" \/><\/figure>\n\n\n\n<figure class=\"wp-block-image size-large\"><img loading=\"lazy\" decoding=\"async\" width=\"1024\" height=\"681\" src=\"http:\/\/axxel.eu\/wp-content\/uploads\/2025\/07\/Zrzut-ekranu-2025-07-27-o-00.09.35-1024x681.png\" alt=\"\" class=\"wp-image-182\" srcset=\"https:\/\/axxel.eu\/wp-content\/uploads\/2025\/07\/Zrzut-ekranu-2025-07-27-o-00.09.35-1024x681.png 1024w, https:\/\/axxel.eu\/wp-content\/uploads\/2025\/07\/Zrzut-ekranu-2025-07-27-o-00.09.35-300x199.png 300w, https:\/\/axxel.eu\/wp-content\/uploads\/2025\/07\/Zrzut-ekranu-2025-07-27-o-00.09.35-768x511.png 768w, https:\/\/axxel.eu\/wp-content\/uploads\/2025\/07\/Zrzut-ekranu-2025-07-27-o-00.09.35-360x240.png 360w, https:\/\/axxel.eu\/wp-content\/uploads\/2025\/07\/Zrzut-ekranu-2025-07-27-o-00.09.35.png 1038w\" sizes=\"auto, (max-width: 1024px) 100vw, 1024px\" \/><\/figure>","protected":false},"excerpt":{"rendered":"<p>OPTICAL MOUSEPAD Model: MS-HZZOPerfect Surface for Optical Mice and all. A durable, dual-layer mouse pad designed for both optical and ball mice. Featuring our specialized&nbsp;OMP surface film, the HZZO pad ensures flawless, high-precision tracking \u2014 regardless of the design, color scheme, or complexity of the print. Key Features:<\/p>","protected":false},"author":1,"featured_media":0,"parent":0,"menu_order":0,"comment_status":"closed","ping_status":"closed","template":"","meta":{"_themeisle_gutenberg_block_has_review":false,"footnotes":""},"class_list":["post-171","page","type-page","status-publish","hentry"],"yoast_head":"<!-- This site is optimized with the Yoast SEO plugin v25.7 - https:\/\/yoast.com\/wordpress\/plugins\/seo\/ -->\n<title>Mouse Pads Welded HZZO - Custom Mouse Pads &amp; POS for Advertising Agencies<\/title>\n<meta name=\"robots\" content=\"index, follow, max-snippet:-1, max-image-preview:large, max-video-preview:-1\" \/>\n<link rel=\"canonical\" href=\"https:\/\/axxel.eu\/fr\/mousepads-welded-hzzo\/\" \/>\n<meta property=\"og:locale\" content=\"fr_FR\" \/>\n<meta property=\"og:type\" content=\"article\" \/>\n<meta property=\"og:title\" content=\"Mouse Pads Welded HZZO - Custom Mouse Pads &amp; POS for Advertising Agencies\" \/>\n<meta property=\"og:description\" content=\"OPTICAL MOUSEPAD Model: MS-HZZOPerfect Surface for Optical Mice and all. A durable, dual-layer mouse pad designed for both optical and ball mice. Featuring our specialized&nbsp;OMP surface film, the HZZO pad ensures flawless, high-precision tracking \u2014 regardless of the design, color scheme, or complexity of the print. Key Features:\" \/>\n<meta property=\"og:url\" content=\"https:\/\/axxel.eu\/fr\/mousepads-welded-hzzo\/\" \/>\n<meta property=\"og:site_name\" content=\"Custom Mouse Pads &amp; POS for Advertising Agencies\" \/>\n<meta property=\"article:modified_time\" content=\"2025-08-18T10:19:34+00:00\" \/>\n<meta property=\"og:image\" content=\"http:\/\/axxel.eu\/wp-content\/uploads\/2025\/07\/Zrzut-ekranu-2025-07-27-o-00.00.38.png\" \/>\n<meta name=\"twitter:card\" content=\"summary_large_image\" \/>\n<meta name=\"twitter:label1\" content=\"Dur\u00e9e de lecture estim\u00e9e\" \/>\n\t<meta name=\"twitter:data1\" content=\"2 minutes\" \/>\n<script type=\"application\/ld+json\" class=\"yoast-schema-graph\">{\"@context\":\"https:\/\/schema.org\",\"@graph\":[{\"@type\":\"WebPage\",\"@id\":\"https:\/\/axxel.eu\/mousepads-welded-hzzo\/\",\"url\":\"https:\/\/axxel.eu\/mousepads-welded-hzzo\/\",\"name\":\"Mouse Pads Welded HZZO - Custom Mouse Pads &amp; POS for Advertising Agencies\",\"isPartOf\":{\"@id\":\"https:\/\/axxel.eu\/en\/#website\"},\"primaryImageOfPage\":{\"@id\":\"https:\/\/axxel.eu\/mousepads-welded-hzzo\/#primaryimage\"},\"image\":{\"@id\":\"https:\/\/axxel.eu\/mousepads-welded-hzzo\/#primaryimage\"},\"thumbnailUrl\":\"http:\/\/axxel.eu\/wp-content\/uploads\/2025\/07\/Zrzut-ekranu-2025-07-27-o-00.00.38.png\",\"datePublished\":\"2025-07-26T21:28:47+00:00\",\"dateModified\":\"2025-08-18T10:19:34+00:00\",\"breadcrumb\":{\"@id\":\"https:\/\/axxel.eu\/mousepads-welded-hzzo\/#breadcrumb\"},\"inLanguage\":\"fr-FR\",\"potentialAction\":[{\"@type\":\"ReadAction\",\"target\":[\"https:\/\/axxel.eu\/mousepads-welded-hzzo\/\"]}]},{\"@type\":\"ImageObject\",\"inLanguage\":\"fr-FR\",\"@id\":\"https:\/\/axxel.eu\/mousepads-welded-hzzo\/#primaryimage\",\"url\":\"http:\/\/axxel.eu\/wp-content\/uploads\/2025\/07\/Zrzut-ekranu-2025-07-27-o-00.00.38.png\",\"contentUrl\":\"http:\/\/axxel.eu\/wp-content\/uploads\/2025\/07\/Zrzut-ekranu-2025-07-27-o-00.00.38.png\"},{\"@type\":\"BreadcrumbList\",\"@id\":\"https:\/\/axxel.eu\/mousepads-welded-hzzo\/#breadcrumb\",\"itemListElement\":[{\"@type\":\"ListItem\",\"position\":1,\"name\":\"Strona g\u0142\u00f3wna\",\"item\":\"https:\/\/axxel.eu\/en\/\"},{\"@type\":\"ListItem\",\"position\":2,\"name\":\"Mouse Pads Welded HZZO\"}]},{\"@type\":\"WebSite\",\"@id\":\"https:\/\/axxel.eu\/en\/#website\",\"url\":\"https:\/\/axxel.eu\/en\/\",\"name\":\"Custom Mouse Pads &amp; POS for Advertising Agencies\",\"description\":\"Make Clients Touch Your Brand\u2014Every Day.\",\"publisher\":{\"@id\":\"https:\/\/axxel.eu\/en\/#organization\"},\"potentialAction\":[{\"@type\":\"SearchAction\",\"target\":{\"@type\":\"EntryPoint\",\"urlTemplate\":\"https:\/\/axxel.eu\/en\/?s={search_term_string}\"},\"query-input\":{\"@type\":\"PropertyValueSpecification\",\"valueRequired\":true,\"valueName\":\"search_term_string\"}}],\"inLanguage\":\"fr-FR\"},{\"@type\":\"Organization\",\"@id\":\"https:\/\/axxel.eu\/en\/#organization\",\"name\":\"Custom Mouse Pads &amp; POS for Advertising Agencies\",\"url\":\"https:\/\/axxel.eu\/en\/\",\"logo\":{\"@type\":\"ImageObject\",\"inLanguage\":\"fr-FR\",\"@id\":\"https:\/\/axxel.eu\/en\/#\/schema\/logo\/image\/\",\"url\":\"https:\/\/axxel.eu\/wp-content\/uploads\/2025\/07\/cropped-Axxel-new-logo-05-LOW.png\",\"contentUrl\":\"https:\/\/axxel.eu\/wp-content\/uploads\/2025\/07\/cropped-Axxel-new-logo-05-LOW.png\",\"width\":713,\"height\":234,\"caption\":\"Custom Mouse Pads &amp; POS for Advertising Agencies\"},\"image\":{\"@id\":\"https:\/\/axxel.eu\/en\/#\/schema\/logo\/image\/\"}}]}<\/script>\n<!-- \/ Yoast SEO plugin. -->","yoast_head_json":{"title":"Mouse Pads Welded HZZO - Custom Mouse Pads &amp; POS for Advertising Agencies","robots":{"index":"index","follow":"follow","max-snippet":"max-snippet:-1","max-image-preview":"max-image-preview:large","max-video-preview":"max-video-preview:-1"},"canonical":"https:\/\/axxel.eu\/fr\/mousepads-welded-hzzo\/","og_locale":"fr_FR","og_type":"article","og_title":"Mouse Pads Welded HZZO - Custom Mouse Pads &amp; POS for Advertising Agencies","og_description":"OPTICAL MOUSEPAD Model: MS-HZZOPerfect Surface for Optical Mice and all. A durable, dual-layer mouse pad designed for both optical and ball mice. Featuring our specialized&nbsp;OMP surface film, the HZZO pad ensures flawless, high-precision tracking \u2014 regardless of the design, color scheme, or complexity of the print. Key Features:","og_url":"https:\/\/axxel.eu\/fr\/mousepads-welded-hzzo\/","og_site_name":"Custom Mouse Pads &amp; POS for Advertising Agencies","article_modified_time":"2025-08-18T10:19:34+00:00","og_image":[{"url":"http:\/\/axxel.eu\/wp-content\/uploads\/2025\/07\/Zrzut-ekranu-2025-07-27-o-00.00.38.png","type":"","width":"","height":""}],"twitter_card":"summary_large_image","twitter_misc":{"Dur\u00e9e de lecture estim\u00e9e":"2 minutes"},"schema":{"@context":"https:\/\/schema.org","@graph":[{"@type":"WebPage","@id":"https:\/\/axxel.eu\/mousepads-welded-hzzo\/","url":"https:\/\/axxel.eu\/mousepads-welded-hzzo\/","name":"Mouse Pads Welded HZZO - Custom Mouse Pads &amp; POS for Advertising Agencies","isPartOf":{"@id":"https:\/\/axxel.eu\/en\/#website"},"primaryImageOfPage":{"@id":"https:\/\/axxel.eu\/mousepads-welded-hzzo\/#primaryimage"},"image":{"@id":"https:\/\/axxel.eu\/mousepads-welded-hzzo\/#primaryimage"},"thumbnailUrl":"http:\/\/axxel.eu\/wp-content\/uploads\/2025\/07\/Zrzut-ekranu-2025-07-27-o-00.00.38.png","datePublished":"2025-07-26T21:28:47+00:00","dateModified":"2025-08-18T10:19:34+00:00","breadcrumb":{"@id":"https:\/\/axxel.eu\/mousepads-welded-hzzo\/#breadcrumb"},"inLanguage":"fr-FR","potentialAction":[{"@type":"ReadAction","target":["https:\/\/axxel.eu\/mousepads-welded-hzzo\/"]}]},{"@type":"ImageObject","inLanguage":"fr-FR","@id":"https:\/\/axxel.eu\/mousepads-welded-hzzo\/#primaryimage","url":"http:\/\/axxel.eu\/wp-content\/uploads\/2025\/07\/Zrzut-ekranu-2025-07-27-o-00.00.38.png","contentUrl":"http:\/\/axxel.eu\/wp-content\/uploads\/2025\/07\/Zrzut-ekranu-2025-07-27-o-00.00.38.png"},{"@type":"BreadcrumbList","@id":"https:\/\/axxel.eu\/mousepads-welded-hzzo\/#breadcrumb","itemListElement":[{"@type":"ListItem","position":1,"name":"Strona g\u0142\u00f3wna","item":"https:\/\/axxel.eu\/en\/"},{"@type":"ListItem","position":2,"name":"Mouse Pads Welded HZZO"}]},{"@type":"WebSite","@id":"https:\/\/axxel.eu\/en\/#website","url":"https:\/\/axxel.eu\/en\/","name":"Custom Mouse Pads &amp; POS for Advertising Agencies","description":"Make Clients Touch Your Brand\u2014Every Day.","publisher":{"@id":"https:\/\/axxel.eu\/en\/#organization"},"potentialAction":[{"@type":"SearchAction","target":{"@type":"EntryPoint","urlTemplate":"https:\/\/axxel.eu\/en\/?s={search_term_string}"},"query-input":{"@type":"PropertyValueSpecification","valueRequired":true,"valueName":"search_term_string"}}],"inLanguage":"fr-FR"},{"@type":"Organization","@id":"https:\/\/axxel.eu\/en\/#organization","name":"Custom Mouse Pads &amp; POS for Advertising Agencies","url":"https:\/\/axxel.eu\/en\/","logo":{"@type":"ImageObject","inLanguage":"fr-FR","@id":"https:\/\/axxel.eu\/en\/#\/schema\/logo\/image\/","url":"https:\/\/axxel.eu\/wp-content\/uploads\/2025\/07\/cropped-Axxel-new-logo-05-LOW.png","contentUrl":"https:\/\/axxel.eu\/wp-content\/uploads\/2025\/07\/cropped-Axxel-new-logo-05-LOW.png","width":713,"height":234,"caption":"Custom Mouse Pads &amp; POS for Advertising Agencies"},"image":{"@id":"https:\/\/axxel.eu\/en\/#\/schema\/logo\/image\/"}}]}},"jetpack_sharing_enabled":true,"_links":{"self":[{"href":"https:\/\/axxel.eu\/fr\/wp-json\/wp\/v2\/pages\/171","targetHints":{"allow":["GET"]}}],"collection":[{"href":"https:\/\/axxel.eu\/fr\/wp-json\/wp\/v2\/pages"}],"about":[{"href":"https:\/\/axxel.eu\/fr\/wp-json\/wp\/v2\/types\/page"}],"author":[{"embeddable":true,"href":"https:\/\/axxel.eu\/fr\/wp-json\/wp\/v2\/users\/1"}],"replies":[{"embeddable":true,"href":"https:\/\/axxel.eu\/fr\/wp-json\/wp\/v2\/comments?post=171"}],"version-history":[{"count":0,"href":"https:\/\/axxel.eu\/fr\/wp-json\/wp\/v2\/pages\/171\/revisions"}],"wp:attachment":[{"href":"https:\/\/axxel.eu\/fr\/wp-json\/wp\/v2\/media?parent=171"}],"curies":[{"name":"wp","href":"https:\/\/api.w.org\/{rel}","templated":true}]}}