{"id":2,"date":"2025-07-22T11:55:00","date_gmt":"2025-07-22T11:55:00","guid":{"rendered":"http:\/\/axxel.eu\/?page_id=2"},"modified":"2025-07-26T16:14:59","modified_gmt":"2025-07-26T14:14:59","slug":"przykladowa-strona","status":"publish","type":"page","link":"https:\/\/axxel.eu\/fr\/przykladowa-strona\/","title":{"rendered":"Depuis 1993 - Con\u00e7u pour se d\u00e9marquer"},"content":{"rendered":"<p class=\"has-white-background-color has-background\">Au&nbsp;<strong>Axxel<\/strong>Depuis 1993, nous cr\u00e9ons des tapis de souris et des accessoires de bureau personnalis\u00e9s.<br>Depuis nos d\u00e9buts en tant que pionniers sur le march\u00e9 polonais des produits promotionnels, nous sommes devenus un partenaire de confiance pour les agences de publicit\u00e9 dans toute l'Europe.<\/p>\n\n\n\n<p>Nous sommes sp\u00e9cialis\u00e9s dans :<\/p>\n\n\n\n<ul class=\"wp-block-list\">\n<li>Tapis de souris thermo-soud\u00e9s avec impression personnalis\u00e9e<\/li>\n\n\n\n<li>Tapis de calendrier, surfaces optiques et outils de bureau<\/li>\n\n\n\n<li>Des solutions sur mesure qui allient fonction et visibilit\u00e9 de la marque<\/li>\n<\/ul>\n\n\n\n<figure class=\"wp-block-image size-large\"><img loading=\"lazy\" decoding=\"async\" width=\"1024\" height=\"407\" src=\"http:\/\/axxel.eu\/wp-content\/uploads\/2025\/07\/Zrzut-ekranu-2025-07-26-o-09.20.53-1024x407.png\" alt=\"\" class=\"wp-image-112\" srcset=\"https:\/\/axxel.eu\/wp-content\/uploads\/2025\/07\/Zrzut-ekranu-2025-07-26-o-09.20.53-1024x407.png 1024w, https:\/\/axxel.eu\/wp-content\/uploads\/2025\/07\/Zrzut-ekranu-2025-07-26-o-09.20.53-300x119.png 300w, https:\/\/axxel.eu\/wp-content\/uploads\/2025\/07\/Zrzut-ekranu-2025-07-26-o-09.20.53-768x305.png 768w, https:\/\/axxel.eu\/wp-content\/uploads\/2025\/07\/Zrzut-ekranu-2025-07-26-o-09.20.53.png 1294w\" sizes=\"auto, (max-width: 1024px) 100vw, 1024px\" \/><\/figure>\n\n\n\n<p class=\"has-text-align-center has-white-background-color has-background\">Depuis plus de 30 ans, nous sommes convaincus qu'il est possible de transformer des objets quotidiens en puissants outils de communication.<br><strong>Votre marque m\u00e9rite plus qu'un simple logo - elle m\u00e9rite une pr\u00e9sence.<\/strong><\/p>\n\n\n\n<figure class=\"wp-block-image size-large\"><img loading=\"lazy\" decoding=\"async\" width=\"1024\" height=\"574\" src=\"http:\/\/axxel.eu\/wp-content\/uploads\/2025\/07\/bu9zCrKwSCCZWIj4ozMYXQ-1024x574.webp\" alt=\"\" class=\"wp-image-148\" srcset=\"https:\/\/axxel.eu\/wp-content\/uploads\/2025\/07\/bu9zCrKwSCCZWIj4ozMYXQ-1024x574.webp 1024w, https:\/\/axxel.eu\/wp-content\/uploads\/2025\/07\/bu9zCrKwSCCZWIj4ozMYXQ-300x168.webp 300w, https:\/\/axxel.eu\/wp-content\/uploads\/2025\/07\/bu9zCrKwSCCZWIj4ozMYXQ-768x431.webp 768w, https:\/\/axxel.eu\/wp-content\/uploads\/2025\/07\/bu9zCrKwSCCZWIj4ozMYXQ.webp 1312w\" sizes=\"auto, (max-width: 1024px) 100vw, 1024px\" \/><\/figure>\n\n\n\n<p><\/p>","protected":false},"excerpt":{"rendered":"<p>At&nbsp;Axxel, we&#8217;ve been creating custom-designed mouse pads and branded desk accessories since 1993.From our early days as pioneers in the Polish promotional products market, we&#8217;ve grown into a trusted partner for advertising agencies across Europe. We specialize in: For over 30 years, we\u2019ve believed in turning everyday items into powerful [&hellip;]<\/p>","protected":false},"author":1,"featured_media":0,"parent":0,"menu_order":0,"comment_status":"closed","ping_status":"open","template":"","meta":{"_themeisle_gutenberg_block_has_review":false,"footnotes":""},"class_list":["post-2","page","type-page","status-publish","hentry"],"yoast_head":"<!-- This site is optimized with the Yoast SEO plugin v25.7 - https:\/\/yoast.com\/wordpress\/plugins\/seo\/ -->\n<title>Since 1993 \u2013 Crafted to Stand Out - Custom Mouse Pads &amp; POS for Advertising Agencies<\/title>\n<meta name=\"robots\" content=\"index, follow, max-snippet:-1, max-image-preview:large, max-video-preview:-1\" \/>\n<link rel=\"canonical\" href=\"https:\/\/axxel.eu\/fr\/przykladowa-strona\/\" \/>\n<meta property=\"og:locale\" content=\"fr_FR\" \/>\n<meta property=\"og:type\" content=\"article\" \/>\n<meta property=\"og:title\" content=\"Since 1993 \u2013 Crafted to Stand Out - Custom Mouse Pads &amp; POS for Advertising Agencies\" \/>\n<meta property=\"og:description\" content=\"At&nbsp;Axxel, we&#8217;ve been creating custom-designed mouse pads and branded desk accessories since 1993.From our early days as pioneers in the Polish promotional products market, we&#8217;ve grown into a trusted partner for advertising agencies across Europe. We specialize in: For over 30 years, we\u2019ve believed in turning everyday items into powerful [&hellip;]\" \/>\n<meta property=\"og:url\" content=\"https:\/\/axxel.eu\/fr\/przykladowa-strona\/\" \/>\n<meta property=\"og:site_name\" content=\"Custom Mouse Pads &amp; POS for Advertising Agencies\" \/>\n<meta property=\"article:modified_time\" content=\"2025-07-26T14:14:59+00:00\" \/>\n<meta property=\"og:image\" content=\"http:\/\/axxel.eu\/wp-content\/uploads\/2025\/07\/Zrzut-ekranu-2025-07-26-o-09.20.53-1024x407.png\" \/>\n<meta name=\"twitter:card\" content=\"summary_large_image\" \/>\n<script type=\"application\/ld+json\" class=\"yoast-schema-graph\">{\"@context\":\"https:\/\/schema.org\",\"@graph\":[{\"@type\":\"WebPage\",\"@id\":\"https:\/\/axxel.eu\/en\/przykladowa-strona\/\",\"url\":\"https:\/\/axxel.eu\/en\/przykladowa-strona\/\",\"name\":\"Since 1993 \u2013 Crafted to Stand Out - Custom Mouse Pads &amp; POS for Advertising Agencies\",\"isPartOf\":{\"@id\":\"https:\/\/axxel.eu\/en\/#website\"},\"primaryImageOfPage\":{\"@id\":\"https:\/\/axxel.eu\/en\/przykladowa-strona\/#primaryimage\"},\"image\":{\"@id\":\"https:\/\/axxel.eu\/en\/przykladowa-strona\/#primaryimage\"},\"thumbnailUrl\":\"http:\/\/axxel.eu\/wp-content\/uploads\/2025\/07\/Zrzut-ekranu-2025-07-26-o-09.20.53-1024x407.png\",\"datePublished\":\"2025-07-22T11:55:00+00:00\",\"dateModified\":\"2025-07-26T14:14:59+00:00\",\"breadcrumb\":{\"@id\":\"https:\/\/axxel.eu\/en\/przykladowa-strona\/#breadcrumb\"},\"inLanguage\":\"fr-FR\",\"potentialAction\":[{\"@type\":\"ReadAction\",\"target\":[\"https:\/\/axxel.eu\/en\/przykladowa-strona\/\"]}]},{\"@type\":\"ImageObject\",\"inLanguage\":\"fr-FR\",\"@id\":\"https:\/\/axxel.eu\/en\/przykladowa-strona\/#primaryimage\",\"url\":\"http:\/\/axxel.eu\/wp-content\/uploads\/2025\/07\/Zrzut-ekranu-2025-07-26-o-09.20.53-1024x407.png\",\"contentUrl\":\"http:\/\/axxel.eu\/wp-content\/uploads\/2025\/07\/Zrzut-ekranu-2025-07-26-o-09.20.53-1024x407.png\"},{\"@type\":\"BreadcrumbList\",\"@id\":\"https:\/\/axxel.eu\/en\/przykladowa-strona\/#breadcrumb\",\"itemListElement\":[{\"@type\":\"ListItem\",\"position\":1,\"name\":\"Strona g\u0142\u00f3wna\",\"item\":\"https:\/\/axxel.eu\/en\/\"},{\"@type\":\"ListItem\",\"position\":2,\"name\":\"Since 1993 \u2013 Crafted to Stand Out\"}]},{\"@type\":\"WebSite\",\"@id\":\"https:\/\/axxel.eu\/en\/#website\",\"url\":\"https:\/\/axxel.eu\/en\/\",\"name\":\"Custom Mouse Pads &amp; POS for Advertising Agencies\",\"description\":\"Make Clients Touch Your Brand\u2014Every Day.\",\"publisher\":{\"@id\":\"https:\/\/axxel.eu\/en\/#organization\"},\"potentialAction\":[{\"@type\":\"SearchAction\",\"target\":{\"@type\":\"EntryPoint\",\"urlTemplate\":\"https:\/\/axxel.eu\/en\/?s={search_term_string}\"},\"query-input\":{\"@type\":\"PropertyValueSpecification\",\"valueRequired\":true,\"valueName\":\"search_term_string\"}}],\"inLanguage\":\"fr-FR\"},{\"@type\":\"Organization\",\"@id\":\"https:\/\/axxel.eu\/en\/#organization\",\"name\":\"Custom Mouse Pads &amp; POS for Advertising Agencies\",\"url\":\"https:\/\/axxel.eu\/en\/\",\"logo\":{\"@type\":\"ImageObject\",\"inLanguage\":\"fr-FR\",\"@id\":\"https:\/\/axxel.eu\/en\/#\/schema\/logo\/image\/\",\"url\":\"https:\/\/axxel.eu\/wp-content\/uploads\/2025\/07\/cropped-Axxel-new-logo-05-LOW.png\",\"contentUrl\":\"https:\/\/axxel.eu\/wp-content\/uploads\/2025\/07\/cropped-Axxel-new-logo-05-LOW.png\",\"width\":713,\"height\":234,\"caption\":\"Custom Mouse Pads &amp; POS for Advertising Agencies\"},\"image\":{\"@id\":\"https:\/\/axxel.eu\/en\/#\/schema\/logo\/image\/\"}}]}<\/script>\n<!-- \/ Yoast SEO plugin. -->","yoast_head_json":{"title":"Since 1993 \u2013 Crafted to Stand Out - Custom Mouse Pads &amp; POS for Advertising Agencies","robots":{"index":"index","follow":"follow","max-snippet":"max-snippet:-1","max-image-preview":"max-image-preview:large","max-video-preview":"max-video-preview:-1"},"canonical":"https:\/\/axxel.eu\/fr\/przykladowa-strona\/","og_locale":"fr_FR","og_type":"article","og_title":"Since 1993 \u2013 Crafted to Stand Out - Custom Mouse Pads &amp; POS for Advertising Agencies","og_description":"At&nbsp;Axxel, we&#8217;ve been creating custom-designed mouse pads and branded desk accessories since 1993.From our early days as pioneers in the Polish promotional products market, we&#8217;ve grown into a trusted partner for advertising agencies across Europe. We specialize in: For over 30 years, we\u2019ve believed in turning everyday items into powerful [&hellip;]","og_url":"https:\/\/axxel.eu\/fr\/przykladowa-strona\/","og_site_name":"Custom Mouse Pads &amp; POS for Advertising Agencies","article_modified_time":"2025-07-26T14:14:59+00:00","og_image":[{"url":"http:\/\/axxel.eu\/wp-content\/uploads\/2025\/07\/Zrzut-ekranu-2025-07-26-o-09.20.53-1024x407.png","type":"","width":"","height":""}],"twitter_card":"summary_large_image","schema":{"@context":"https:\/\/schema.org","@graph":[{"@type":"WebPage","@id":"https:\/\/axxel.eu\/en\/przykladowa-strona\/","url":"https:\/\/axxel.eu\/en\/przykladowa-strona\/","name":"Since 1993 \u2013 Crafted to Stand Out - Custom Mouse Pads &amp; POS for Advertising Agencies","isPartOf":{"@id":"https:\/\/axxel.eu\/en\/#website"},"primaryImageOfPage":{"@id":"https:\/\/axxel.eu\/en\/przykladowa-strona\/#primaryimage"},"image":{"@id":"https:\/\/axxel.eu\/en\/przykladowa-strona\/#primaryimage"},"thumbnailUrl":"http:\/\/axxel.eu\/wp-content\/uploads\/2025\/07\/Zrzut-ekranu-2025-07-26-o-09.20.53-1024x407.png","datePublished":"2025-07-22T11:55:00+00:00","dateModified":"2025-07-26T14:14:59+00:00","breadcrumb":{"@id":"https:\/\/axxel.eu\/en\/przykladowa-strona\/#breadcrumb"},"inLanguage":"fr-FR","potentialAction":[{"@type":"ReadAction","target":["https:\/\/axxel.eu\/en\/przykladowa-strona\/"]}]},{"@type":"ImageObject","inLanguage":"fr-FR","@id":"https:\/\/axxel.eu\/en\/przykladowa-strona\/#primaryimage","url":"http:\/\/axxel.eu\/wp-content\/uploads\/2025\/07\/Zrzut-ekranu-2025-07-26-o-09.20.53-1024x407.png","contentUrl":"http:\/\/axxel.eu\/wp-content\/uploads\/2025\/07\/Zrzut-ekranu-2025-07-26-o-09.20.53-1024x407.png"},{"@type":"BreadcrumbList","@id":"https:\/\/axxel.eu\/en\/przykladowa-strona\/#breadcrumb","itemListElement":[{"@type":"ListItem","position":1,"name":"Strona g\u0142\u00f3wna","item":"https:\/\/axxel.eu\/en\/"},{"@type":"ListItem","position":2,"name":"Since 1993 \u2013 Crafted to Stand Out"}]},{"@type":"WebSite","@id":"https:\/\/axxel.eu\/en\/#website","url":"https:\/\/axxel.eu\/en\/","name":"Custom Mouse Pads &amp; POS for Advertising Agencies","description":"Make Clients Touch Your Brand\u2014Every Day.","publisher":{"@id":"https:\/\/axxel.eu\/en\/#organization"},"potentialAction":[{"@type":"SearchAction","target":{"@type":"EntryPoint","urlTemplate":"https:\/\/axxel.eu\/en\/?s={search_term_string}"},"query-input":{"@type":"PropertyValueSpecification","valueRequired":true,"valueName":"search_term_string"}}],"inLanguage":"fr-FR"},{"@type":"Organization","@id":"https:\/\/axxel.eu\/en\/#organization","name":"Custom Mouse Pads &amp; POS for Advertising Agencies","url":"https:\/\/axxel.eu\/en\/","logo":{"@type":"ImageObject","inLanguage":"fr-FR","@id":"https:\/\/axxel.eu\/en\/#\/schema\/logo\/image\/","url":"https:\/\/axxel.eu\/wp-content\/uploads\/2025\/07\/cropped-Axxel-new-logo-05-LOW.png","contentUrl":"https:\/\/axxel.eu\/wp-content\/uploads\/2025\/07\/cropped-Axxel-new-logo-05-LOW.png","width":713,"height":234,"caption":"Custom Mouse Pads &amp; POS for Advertising Agencies"},"image":{"@id":"https:\/\/axxel.eu\/en\/#\/schema\/logo\/image\/"}}]}},"jetpack_sharing_enabled":true,"_links":{"self":[{"href":"https:\/\/axxel.eu\/fr\/wp-json\/wp\/v2\/pages\/2","targetHints":{"allow":["GET"]}}],"collection":[{"href":"https:\/\/axxel.eu\/fr\/wp-json\/wp\/v2\/pages"}],"about":[{"href":"https:\/\/axxel.eu\/fr\/wp-json\/wp\/v2\/types\/page"}],"author":[{"embeddable":true,"href":"https:\/\/axxel.eu\/fr\/wp-json\/wp\/v2\/users\/1"}],"replies":[{"embeddable":true,"href":"https:\/\/axxel.eu\/fr\/wp-json\/wp\/v2\/comments?post=2"}],"version-history":[{"count":0,"href":"https:\/\/axxel.eu\/fr\/wp-json\/wp\/v2\/pages\/2\/revisions"}],"wp:attachment":[{"href":"https:\/\/axxel.eu\/fr\/wp-json\/wp\/v2\/media?parent=2"}],"curies":[{"name":"wp","href":"https:\/\/api.w.org\/{rel}","templated":true}]}}