{"id":298,"date":"2025-08-03T15:54:35","date_gmt":"2025-08-03T13:54:35","guid":{"rendered":"https:\/\/axxel.eu\/?page_id=298"},"modified":"2025-08-03T16:02:15","modified_gmt":"2025-08-03T14:02:15","slug":"what-we-do-2","status":"publish","type":"page","link":"https:\/\/axxel.eu\/fr\/what-we-do-2\/","title":{"rendered":"What We do"},"content":{"rendered":"<div class=\"wp-block-cover alignfull is-light hestia-clear-top-padding\" style=\"min-height:411px;aspect-ratio:unset;\"><span aria-hidden=\"true\" class=\"wp-block-cover__background has-white-background-color has-background-dim-100 has-background-dim\"><\/span><div class=\"wp-block-cover__inner-container is-layout-flow wp-block-cover-is-layout-flow\">\n<h2 class=\"wp-block-heading has-text-align-center has-text-color\" style=\"color:#3c4858\">Bienvenue dans notre usine de cr\u00e9ativit\u00e9<\/h2>\n\n\n\n<div class=\"wp-block-columns container is-layout-flex wp-container-core-columns-is-layout-28f84493 wp-block-columns-is-layout-flex\">\n<div class=\"wp-block-column is-layout-flow wp-block-column-is-layout-flow\"><div class=\"wp-block-image\">\n<figure class=\"aligncenter size-large\"><img decoding=\"async\" src=\"http:\/\/axxel.eu\/wp-content\/themes\/hestia\/assets\/img\/feat1.png\" alt=\"\" class=\"wp-image-70\"\/><\/figure>\n<\/div>\n\n\n<h5 class=\"wp-block-heading has-text-align-center has-text-color\" style=\"color:#3c4858;font-size:18px\">R\u00e9actif<\/h5>\n\n\n\n<p class=\"has-text-align-center has-text-color\" style=\"color:#999999;font-size:14px\">Nous nous adaptons rapidement aux besoins de votre campagne. De 100 \u00e0 plus de 10 000 pi\u00e8ces, nous produisons des tapis de souris, des sous-mains et des outils de PLV adapt\u00e9s \u00e0 l'image de marque et \u00e0 la performance. Des devis rapides, une production flexible et un service de niveau agence - c'est notre standard quotidien.<\/p>\n\n\n\n<div style=\"height:25px\" aria-hidden=\"true\" class=\"wp-block-spacer\"><\/div>\n<\/div>\n\n\n\n<div class=\"wp-block-column is-layout-flow wp-block-column-is-layout-flow\"><div class=\"wp-block-image\">\n<figure class=\"aligncenter size-large\"><img decoding=\"async\" src=\"http:\/\/axxel.eu\/wp-content\/themes\/hestia\/assets\/img\/feat2.png\" alt=\"\" class=\"wp-image-71\"\/><\/figure>\n<\/div>\n\n\n<h5 class=\"wp-block-heading has-text-align-center has-text-color\" style=\"color:#3c4858;font-size:18px\">Qualit\u00e9<\/h5>\n\n\n\n<p class=\"has-text-align-center has-text-color\" style=\"color:#999999;font-size:14px\">Mat\u00e9riaux de haute performance, impression offset UV et finitions thermoscell\u00e9es. Tous les composants proviennent de Pologne et de l'UE. Chaque article est test\u00e9 pour sa durabilit\u00e9 et la visibilit\u00e9 de la marque - parce que votre logo m\u00e9rite d'\u00eatre beau plus longtemps.<\/p>\n<\/div>\n\n\n\n<div class=\"wp-block-column is-layout-flow wp-block-column-is-layout-flow\"><div class=\"wp-block-image\">\n<figure class=\"aligncenter size-large\"><img decoding=\"async\" src=\"http:\/\/axxel.eu\/wp-content\/themes\/hestia\/assets\/img\/feat3.png\" alt=\"\" class=\"wp-image-72\"\/><\/figure>\n<\/div>\n\n\n<h5 class=\"wp-block-heading has-text-align-center has-text-color\" style=\"color:#3c4858;font-size:18px\">Soutien<\/h5>\n\n\n\n<p class=\"has-text-align-center has-text-color\" style=\"color:#999999;font-size:14px\">Besoin d'un devis aujourd'hui ? D'un fichier v\u00e9rifi\u00e9 ? Ou d'un \u00e9chantillon envoy\u00e9 rapidement ? Nous sommes toujours \u00e0 votre service - pr\u00eats \u00e0 vous aider, \u00e0 vous conseiller et \u00e0 vous livrer. Parce qu'une bonne communication est synonyme d'une bonne production.<\/p>\n<\/div>\n<\/div>\n\n\n\n<div style=\"height:9px\" aria-hidden=\"true\" class=\"wp-block-spacer\"><\/div>\n<\/div><\/div>\n\n\n\n<div class=\"wp-block-columns container is-layout-flex wp-container-core-columns-is-layout-28f84493 wp-block-columns-is-layout-flex\">\n<div class=\"wp-block-column is-layout-flow wp-block-column-is-layout-flow\"><\/div>\n\n\n\n<div class=\"wp-block-column is-layout-flow wp-block-column-is-layout-flow\"><\/div>\n<\/div>\n\n\n\n<div class=\"wp-block-columns container is-layout-flex wp-container-core-columns-is-layout-28f84493 wp-block-columns-is-layout-flex\">\n<div class=\"wp-block-column col-md-5 is-layout-flow wp-block-column-is-layout-flow\">\n<p><\/p>\n\n\n\n<h2 class=\"wp-block-heading\">Tapis de souris personnalis\u00e9s et solutions POS pour les agences de publicit\u00e9<\/h2>\n\n\n\n<p>Au\u00a0<strong>Axxel<\/strong>En tant que fabricant de tapis de souris, nous transformons les articles de bureau quotidiens en points de contact puissants pour les marques. Depuis 1993, nous fabriquons des tapis de souris, des sous-mains et des outils promotionnels personnalis\u00e9s de grande qualit\u00e9 pour des agences de toute l'Europe.<\/p>\n\n\n\n<h3 class=\"wp-block-heading\">\ud83c\udfaf&nbsp;<strong>Ce que nous faisons<\/strong><\/h3>\n\n\n\n<p>From mouse pads to full-scale promotional tools \u2013 we turn creative ideas into premium-quality products for advertising agencies, brands, and events.<\/p>\n\n\n\n<ul class=\"wp-block-list\">\n<li>\u2705&nbsp;<strong>Thermo-welded mouse pads<\/strong>&nbsp;\u2013 standard &amp; custom shapes (HZZO \/ HZZW)<\/li>\n\n\n\n<li>\u2702\ufe0f&nbsp;<strong>Die-cut and &nbsp;<strong>Glued<\/strong><\/strong> <strong>mouse pads<\/strong>&nbsp;\u2013 custom shapes, cut with steel dies for precision (HTP &#8211; Lexan)<\/li>\n\n\n\n<li>\u2702\ufe0f&nbsp;<strong>Die-cut and &nbsp;<strong>Glued<\/strong><\/strong> <strong>mouse pads<\/strong>&nbsp;\u2013 custom shapes, cut with steel dies for precision (HTP &#8211; Lexan)<\/li>\n\n\n\n<li>\u2702\ufe0f&nbsp;<strong>Die-cut and &nbsp;<strong>Glued<\/strong><\/strong> <strong>mouse pads<\/strong>&nbsp;\u2013 custom shapes, cut with steel dies for precision (HTP &#8211; Lexan)<\/li>\n\n\n\n<li>\ud83d\udcc5&nbsp;<strong>Calendar mats<\/strong>&nbsp;\u2013 optical-mouse friendly, with paper inserts<\/li>\n\n\n\n<li>\ud83d\udda5\ufe0f&nbsp;<strong>POS branding tools<\/strong>&nbsp;\u2013 desk mats, counter displays, mouse pads<\/li>\n\n\n\n<li>\ud83c\udfa8&nbsp;<strong>Creative print solutions<\/strong>&nbsp;\u2013 design, print &amp; full production<\/li>\n<\/ul>\n\n\n\n<p>All products are&nbsp;<strong>made in the EU<\/strong>&nbsp;using high-grade materials \u2013 custom-built for your campaign.<\/p>\n\n\n\n<p>\ud83d\ude80&nbsp;<strong>Pourquoi Axxel ?<\/strong><br>Parce que votre marque m\u00e9rite une visibilit\u00e9 durable - sur chaque bureau, chaque jour.<\/p>\n\n\n\n<p>\ud83d\udcde&nbsp;<strong>Toujours \u00e0 votre service<\/strong><br>Cr\u00e9ons quelque chose qui fonctionne&nbsp;<em>et<\/em>&nbsp;se distingue.<\/p>\n<\/div>\n\n\n\n<div class=\"wp-block-column is-vertically-aligned-center col-md-6 col-md-offset1 is-layout-flow wp-block-column-is-layout-flow\">\n<figure class=\"wp-block-image size-full is-resized\"><img loading=\"lazy\" decoding=\"async\" width=\"728\" height=\"592\" src=\"https:\/\/axxel.eu\/wp-content\/uploads\/2025\/07\/Zrzut-ekranu-2025-07-28-o-21.33.17.png\" alt=\"\" class=\"wp-image-211\" style=\"width:273px;height:auto\" srcset=\"https:\/\/axxel.eu\/wp-content\/uploads\/2025\/07\/Zrzut-ekranu-2025-07-28-o-21.33.17.png 728w, https:\/\/axxel.eu\/wp-content\/uploads\/2025\/07\/Zrzut-ekranu-2025-07-28-o-21.33.17-300x244.png 300w, https:\/\/axxel.eu\/wp-content\/uploads\/2025\/07\/Zrzut-ekranu-2025-07-28-o-21.33.17-15x12.png 15w\" sizes=\"auto, (max-width: 728px) 100vw, 728px\" \/><\/figure>\n\n\n\n<figure class=\"wp-block-image size-full is-resized\"><img loading=\"lazy\" decoding=\"async\" width=\"858\" height=\"540\" src=\"https:\/\/axxel.eu\/wp-content\/uploads\/2025\/07\/Zrzut-ekranu-2025-07-27-o-00.00.38.png\" alt=\"\" class=\"wp-image-181\" style=\"width:273px;height:auto\" srcset=\"https:\/\/axxel.eu\/wp-content\/uploads\/2025\/07\/Zrzut-ekranu-2025-07-27-o-00.00.38.png 858w, https:\/\/axxel.eu\/wp-content\/uploads\/2025\/07\/Zrzut-ekranu-2025-07-27-o-00.00.38-300x189.png 300w, https:\/\/axxel.eu\/wp-content\/uploads\/2025\/07\/Zrzut-ekranu-2025-07-27-o-00.00.38-768x483.png 768w\" sizes=\"auto, (max-width: 858px) 100vw, 858px\" \/><\/figure>\n\n\n\n<figure class=\"wp-block-image size-full is-resized\"><img loading=\"lazy\" decoding=\"async\" width=\"658\" height=\"526\" src=\"http:\/\/axxel.eu\/wp-content\/uploads\/2025\/07\/Zrzut-ekranu-2025-07-27-o-00.07.55.png\" alt=\"\" class=\"wp-image-231\" style=\"width:260px;height:auto\" srcset=\"https:\/\/axxel.eu\/wp-content\/uploads\/2025\/07\/Zrzut-ekranu-2025-07-27-o-00.07.55.png 658w, https:\/\/axxel.eu\/wp-content\/uploads\/2025\/07\/Zrzut-ekranu-2025-07-27-o-00.07.55-300x240.png 300w, https:\/\/axxel.eu\/wp-content\/uploads\/2025\/07\/Zrzut-ekranu-2025-07-27-o-00.07.55-15x12.png 15w\" sizes=\"auto, (max-width: 658px) 100vw, 658px\" \/><\/figure>\n\n\n\n<figure class=\"wp-block-image size-full is-resized\"><img loading=\"lazy\" decoding=\"async\" width=\"1038\" height=\"690\" src=\"http:\/\/axxel.eu\/wp-content\/uploads\/2025\/07\/Zrzut-ekranu-2025-07-27-o-00.09.35-1.png\" alt=\"\" class=\"wp-image-229\" style=\"width:265px;height:auto\" srcset=\"https:\/\/axxel.eu\/wp-content\/uploads\/2025\/07\/Zrzut-ekranu-2025-07-27-o-00.09.35-1.png 1038w, https:\/\/axxel.eu\/wp-content\/uploads\/2025\/07\/Zrzut-ekranu-2025-07-27-o-00.09.35-1-300x199.png 300w, https:\/\/axxel.eu\/wp-content\/uploads\/2025\/07\/Zrzut-ekranu-2025-07-27-o-00.09.35-1-1024x681.png 1024w, https:\/\/axxel.eu\/wp-content\/uploads\/2025\/07\/Zrzut-ekranu-2025-07-27-o-00.09.35-1-768x511.png 768w, https:\/\/axxel.eu\/wp-content\/uploads\/2025\/07\/Zrzut-ekranu-2025-07-27-o-00.09.35-1-18x12.png 18w, https:\/\/axxel.eu\/wp-content\/uploads\/2025\/07\/Zrzut-ekranu-2025-07-27-o-00.09.35-1-360x240.png 360w\" sizes=\"auto, (max-width: 1038px) 100vw, 1038px\" \/><\/figure>\n\n\n\n<figure class=\"wp-block-image size-full is-resized\"><img loading=\"lazy\" decoding=\"async\" width=\"1000\" height=\"756\" src=\"http:\/\/axxel.eu\/wp-content\/uploads\/2025\/07\/CalendarMP01.png\" alt=\"\" class=\"wp-image-225\" style=\"width:253px;height:auto\" srcset=\"https:\/\/axxel.eu\/wp-content\/uploads\/2025\/07\/CalendarMP01.png 1000w, https:\/\/axxel.eu\/wp-content\/uploads\/2025\/07\/CalendarMP01-300x227.png 300w, https:\/\/axxel.eu\/wp-content\/uploads\/2025\/07\/CalendarMP01-768x581.png 768w, https:\/\/axxel.eu\/wp-content\/uploads\/2025\/07\/CalendarMP01-16x12.png 16w\" sizes=\"auto, (max-width: 1000px) 100vw, 1000px\" \/><\/figure>\n\n\n\n<figure class=\"wp-block-image size-full is-resized\"><img loading=\"lazy\" decoding=\"async\" width=\"913\" height=\"672\" src=\"https:\/\/axxel.eu\/wp-content\/uploads\/2025\/07\/linijki02.png\" alt=\"\" class=\"wp-image-256\" style=\"width:253px;height:auto\" srcset=\"https:\/\/axxel.eu\/wp-content\/uploads\/2025\/07\/linijki02.png 913w, https:\/\/axxel.eu\/wp-content\/uploads\/2025\/07\/linijki02-300x221.png 300w, https:\/\/axxel.eu\/wp-content\/uploads\/2025\/07\/linijki02-768x565.png 768w, https:\/\/axxel.eu\/wp-content\/uploads\/2025\/07\/linijki02-16x12.png 16w\" sizes=\"auto, (max-width: 913px) 100vw, 913px\" \/><\/figure>\n<\/div>\n<\/div>","protected":false},"excerpt":{"rendered":"<p>Custom Mouse Pads &amp; POS Solutions for Advertising Agencies At\u00a0Axxel, we transform everyday desk items into powerful brand touchpoints. Since 1993, we&#8217;ve been crafting high-quality, custom-made mouse pads, desk mats, and promotional tools for agencies across Europe. \ud83c\udfaf&nbsp;What We Do From mouse pads to full-scale promotional tools \u2013 we turn [&hellip;]<\/p>","protected":false},"author":1,"featured_media":0,"parent":0,"menu_order":0,"comment_status":"closed","ping_status":"closed","template":"","meta":{"_themeisle_gutenberg_block_has_review":false,"footnotes":""},"class_list":["post-298","page","type-page","status-publish","hentry"],"yoast_head":"<!-- This site is optimized with the Yoast SEO plugin v25.7 - https:\/\/yoast.com\/wordpress\/plugins\/seo\/ -->\n<title>What We do - Custom Mouse Pads &amp; POS for Advertising Agencies<\/title>\n<meta name=\"robots\" content=\"index, follow, max-snippet:-1, max-image-preview:large, max-video-preview:-1\" \/>\n<link rel=\"canonical\" href=\"https:\/\/axxel.eu\/fr\/what-we-do-2\/\" \/>\n<meta property=\"og:locale\" content=\"fr_FR\" \/>\n<meta property=\"og:type\" content=\"article\" \/>\n<meta property=\"og:title\" content=\"What We do - Custom Mouse Pads &amp; POS for Advertising Agencies\" \/>\n<meta property=\"og:description\" content=\"Custom Mouse Pads &amp; POS Solutions for Advertising Agencies At\u00a0Axxel, we transform everyday desk items into powerful brand touchpoints. Since 1993, we&#8217;ve been crafting high-quality, custom-made mouse pads, desk mats, and promotional tools for agencies across Europe. \ud83c\udfaf&nbsp;What We Do From mouse pads to full-scale promotional tools \u2013 we turn [&hellip;]\" \/>\n<meta property=\"og:url\" content=\"https:\/\/axxel.eu\/fr\/what-we-do-2\/\" \/>\n<meta property=\"og:site_name\" content=\"Custom Mouse Pads &amp; POS for Advertising Agencies\" \/>\n<meta property=\"article:modified_time\" content=\"2025-08-03T14:02:15+00:00\" \/>\n<meta property=\"og:image\" content=\"http:\/\/axxel.eu\/wp-content\/themes\/hestia\/assets\/img\/feat1.png\" \/>\n<meta name=\"twitter:card\" content=\"summary_large_image\" \/>\n<meta name=\"twitter:label1\" content=\"Dur\u00e9e de lecture estim\u00e9e\" \/>\n\t<meta name=\"twitter:data1\" content=\"2 minutes\" \/>\n<script type=\"application\/ld+json\" class=\"yoast-schema-graph\">{\"@context\":\"https:\/\/schema.org\",\"@graph\":[{\"@type\":\"WebPage\",\"@id\":\"https:\/\/axxel.eu\/en\/what-we-do-2\/\",\"url\":\"https:\/\/axxel.eu\/en\/what-we-do-2\/\",\"name\":\"What We do - Custom Mouse Pads &amp; POS for Advertising Agencies\",\"isPartOf\":{\"@id\":\"https:\/\/axxel.eu\/en\/#website\"},\"primaryImageOfPage\":{\"@id\":\"https:\/\/axxel.eu\/en\/what-we-do-2\/#primaryimage\"},\"image\":{\"@id\":\"https:\/\/axxel.eu\/en\/what-we-do-2\/#primaryimage\"},\"thumbnailUrl\":\"http:\/\/axxel.eu\/wp-content\/themes\/hestia\/assets\/img\/feat1.png\",\"datePublished\":\"2025-08-03T13:54:35+00:00\",\"dateModified\":\"2025-08-03T14:02:15+00:00\",\"breadcrumb\":{\"@id\":\"https:\/\/axxel.eu\/en\/what-we-do-2\/#breadcrumb\"},\"inLanguage\":\"fr-FR\",\"potentialAction\":[{\"@type\":\"ReadAction\",\"target\":[\"https:\/\/axxel.eu\/en\/what-we-do-2\/\"]}]},{\"@type\":\"ImageObject\",\"inLanguage\":\"fr-FR\",\"@id\":\"https:\/\/axxel.eu\/en\/what-we-do-2\/#primaryimage\",\"url\":\"http:\/\/axxel.eu\/wp-content\/themes\/hestia\/assets\/img\/feat1.png\",\"contentUrl\":\"http:\/\/axxel.eu\/wp-content\/themes\/hestia\/assets\/img\/feat1.png\"},{\"@type\":\"BreadcrumbList\",\"@id\":\"https:\/\/axxel.eu\/en\/what-we-do-2\/#breadcrumb\",\"itemListElement\":[{\"@type\":\"ListItem\",\"position\":1,\"name\":\"Strona g\u0142\u00f3wna\",\"item\":\"https:\/\/axxel.eu\/en\/\"},{\"@type\":\"ListItem\",\"position\":2,\"name\":\"What We do\"}]},{\"@type\":\"WebSite\",\"@id\":\"https:\/\/axxel.eu\/en\/#website\",\"url\":\"https:\/\/axxel.eu\/en\/\",\"name\":\"Custom Mouse Pads &amp; POS for Advertising Agencies\",\"description\":\"Make Clients Touch Your Brand\u2014Every Day.\",\"publisher\":{\"@id\":\"https:\/\/axxel.eu\/en\/#organization\"},\"potentialAction\":[{\"@type\":\"SearchAction\",\"target\":{\"@type\":\"EntryPoint\",\"urlTemplate\":\"https:\/\/axxel.eu\/en\/?s={search_term_string}\"},\"query-input\":{\"@type\":\"PropertyValueSpecification\",\"valueRequired\":true,\"valueName\":\"search_term_string\"}}],\"inLanguage\":\"fr-FR\"},{\"@type\":\"Organization\",\"@id\":\"https:\/\/axxel.eu\/en\/#organization\",\"name\":\"Custom Mouse Pads &amp; POS for Advertising Agencies\",\"url\":\"https:\/\/axxel.eu\/en\/\",\"logo\":{\"@type\":\"ImageObject\",\"inLanguage\":\"fr-FR\",\"@id\":\"https:\/\/axxel.eu\/en\/#\/schema\/logo\/image\/\",\"url\":\"https:\/\/axxel.eu\/wp-content\/uploads\/2025\/07\/cropped-Axxel-new-logo-05-LOW.png\",\"contentUrl\":\"https:\/\/axxel.eu\/wp-content\/uploads\/2025\/07\/cropped-Axxel-new-logo-05-LOW.png\",\"width\":713,\"height\":234,\"caption\":\"Custom Mouse Pads &amp; POS for Advertising Agencies\"},\"image\":{\"@id\":\"https:\/\/axxel.eu\/en\/#\/schema\/logo\/image\/\"}}]}<\/script>\n<!-- \/ Yoast SEO plugin. -->","yoast_head_json":{"title":"What We do - Custom Mouse Pads &amp; POS for Advertising Agencies","robots":{"index":"index","follow":"follow","max-snippet":"max-snippet:-1","max-image-preview":"max-image-preview:large","max-video-preview":"max-video-preview:-1"},"canonical":"https:\/\/axxel.eu\/fr\/what-we-do-2\/","og_locale":"fr_FR","og_type":"article","og_title":"What We do - Custom Mouse Pads &amp; POS for Advertising Agencies","og_description":"Custom Mouse Pads &amp; POS Solutions for Advertising Agencies At\u00a0Axxel, we transform everyday desk items into powerful brand touchpoints. Since 1993, we&#8217;ve been crafting high-quality, custom-made mouse pads, desk mats, and promotional tools for agencies across Europe. \ud83c\udfaf&nbsp;What We Do From mouse pads to full-scale promotional tools \u2013 we turn [&hellip;]","og_url":"https:\/\/axxel.eu\/fr\/what-we-do-2\/","og_site_name":"Custom Mouse Pads &amp; POS for Advertising Agencies","article_modified_time":"2025-08-03T14:02:15+00:00","og_image":[{"url":"http:\/\/axxel.eu\/wp-content\/themes\/hestia\/assets\/img\/feat1.png","type":"","width":"","height":""}],"twitter_card":"summary_large_image","twitter_misc":{"Dur\u00e9e de lecture estim\u00e9e":"2 minutes"},"schema":{"@context":"https:\/\/schema.org","@graph":[{"@type":"WebPage","@id":"https:\/\/axxel.eu\/en\/what-we-do-2\/","url":"https:\/\/axxel.eu\/en\/what-we-do-2\/","name":"What We do - Custom Mouse Pads &amp; POS for Advertising Agencies","isPartOf":{"@id":"https:\/\/axxel.eu\/en\/#website"},"primaryImageOfPage":{"@id":"https:\/\/axxel.eu\/en\/what-we-do-2\/#primaryimage"},"image":{"@id":"https:\/\/axxel.eu\/en\/what-we-do-2\/#primaryimage"},"thumbnailUrl":"http:\/\/axxel.eu\/wp-content\/themes\/hestia\/assets\/img\/feat1.png","datePublished":"2025-08-03T13:54:35+00:00","dateModified":"2025-08-03T14:02:15+00:00","breadcrumb":{"@id":"https:\/\/axxel.eu\/en\/what-we-do-2\/#breadcrumb"},"inLanguage":"fr-FR","potentialAction":[{"@type":"ReadAction","target":["https:\/\/axxel.eu\/en\/what-we-do-2\/"]}]},{"@type":"ImageObject","inLanguage":"fr-FR","@id":"https:\/\/axxel.eu\/en\/what-we-do-2\/#primaryimage","url":"http:\/\/axxel.eu\/wp-content\/themes\/hestia\/assets\/img\/feat1.png","contentUrl":"http:\/\/axxel.eu\/wp-content\/themes\/hestia\/assets\/img\/feat1.png"},{"@type":"BreadcrumbList","@id":"https:\/\/axxel.eu\/en\/what-we-do-2\/#breadcrumb","itemListElement":[{"@type":"ListItem","position":1,"name":"Strona g\u0142\u00f3wna","item":"https:\/\/axxel.eu\/en\/"},{"@type":"ListItem","position":2,"name":"What We do"}]},{"@type":"WebSite","@id":"https:\/\/axxel.eu\/en\/#website","url":"https:\/\/axxel.eu\/en\/","name":"Custom Mouse Pads &amp; POS for Advertising Agencies","description":"Make Clients Touch Your Brand\u2014Every Day.","publisher":{"@id":"https:\/\/axxel.eu\/en\/#organization"},"potentialAction":[{"@type":"SearchAction","target":{"@type":"EntryPoint","urlTemplate":"https:\/\/axxel.eu\/en\/?s={search_term_string}"},"query-input":{"@type":"PropertyValueSpecification","valueRequired":true,"valueName":"search_term_string"}}],"inLanguage":"fr-FR"},{"@type":"Organization","@id":"https:\/\/axxel.eu\/en\/#organization","name":"Custom Mouse Pads &amp; POS for Advertising Agencies","url":"https:\/\/axxel.eu\/en\/","logo":{"@type":"ImageObject","inLanguage":"fr-FR","@id":"https:\/\/axxel.eu\/en\/#\/schema\/logo\/image\/","url":"https:\/\/axxel.eu\/wp-content\/uploads\/2025\/07\/cropped-Axxel-new-logo-05-LOW.png","contentUrl":"https:\/\/axxel.eu\/wp-content\/uploads\/2025\/07\/cropped-Axxel-new-logo-05-LOW.png","width":713,"height":234,"caption":"Custom Mouse Pads &amp; POS for Advertising Agencies"},"image":{"@id":"https:\/\/axxel.eu\/en\/#\/schema\/logo\/image\/"}}]}},"jetpack_sharing_enabled":true,"_links":{"self":[{"href":"https:\/\/axxel.eu\/fr\/wp-json\/wp\/v2\/pages\/298","targetHints":{"allow":["GET"]}}],"collection":[{"href":"https:\/\/axxel.eu\/fr\/wp-json\/wp\/v2\/pages"}],"about":[{"href":"https:\/\/axxel.eu\/fr\/wp-json\/wp\/v2\/types\/page"}],"author":[{"embeddable":true,"href":"https:\/\/axxel.eu\/fr\/wp-json\/wp\/v2\/users\/1"}],"replies":[{"embeddable":true,"href":"https:\/\/axxel.eu\/fr\/wp-json\/wp\/v2\/comments?post=298"}],"version-history":[{"count":0,"href":"https:\/\/axxel.eu\/fr\/wp-json\/wp\/v2\/pages\/298\/revisions"}],"wp:attachment":[{"href":"https:\/\/axxel.eu\/fr\/wp-json\/wp\/v2\/media?parent=298"}],"curies":[{"name":"wp","href":"https:\/\/api.w.org\/{rel}","templated":true}]}}