{"id":449,"date":"2025-08-10T09:51:03","date_gmt":"2025-08-10T07:51:03","guid":{"rendered":"https:\/\/axxel.eu\/?page_id=449"},"modified":"2025-08-10T11:37:50","modified_gmt":"2025-08-10T09:37:50","slug":"mouse-pads-hzzod","status":"publish","type":"page","link":"https:\/\/axxel.eu\/fr\/mouse-pads-hzzod\/","title":{"rendered":"Mouse Pads HZZOD"},"content":{"rendered":"<h2 class=\"wp-block-heading\">TAPIS DE SOURIS OPTIQUE<\/h2>\n\n\n\n<p><strong>Mod\u00e8le : MS-HZZO<\/strong>D 220 x 180 mm and 260 x 220 mm<br><strong>Surface parfaite pour les souris optiques<\/strong> et tout le reste.<\/p>\n\n\n\n<p>Un tapis de souris durable, \u00e0 double couche, con\u00e7u pour les souris optiques et les souris \u00e0 boule. Dot\u00e9 de notre&nbsp;<strong>Film de surface OMP<\/strong>Le tampon HZZO assure un suivi impeccable et de haute pr\u00e9cision, quels que soient le design, la palette de couleurs ou la complexit\u00e9 de l'impression.<\/p>\n\n\n\n<hr class=\"wp-block-separator has-alpha-channel-opacity\"\/>\n\n\n\n<h3 class=\"wp-block-heading\">Caract\u00e9ristiques principales :<\/h3>\n\n\n\n<ul class=\"wp-block-list\">\n<li><strong>Couche sup\u00e9rieure :<\/strong>&nbsp;Film optique OMP, d'une \u00e9paisseur de 0,3 mm, con\u00e7u pour un suivi optique optimal<\/li>\n\n\n\n<li><strong>Couche inf\u00e9rieure :<\/strong>&nbsp;Mousse PVC souple, 1,2 mm d'\u00e9paisseur, gris clair, surface antid\u00e9rapante assurant une excellente prise sur les bureaux.<\/li>\n\n\n\n<li><strong>Impression :<\/strong>\u00a0Full-color digital (CMYK), printed on the inside of the film \u2013 protected and non-abrasive<\/li>\n\n\n\n<li><strong>Scellage :<\/strong>\u00a0Welded edges (HF technology) securely merge the graphic with the foam. Unlike the HZZO version, the HZZOD model features a\u00a0<strong>2 mm white margin<\/strong>\u00a0on all sides, leaving the weld area unprinted. This creates a clean, framed look with white edges around the pad.<\/li>\n\n\n\n<li><strong>Dimensions standard :<\/strong>\u00a0220 \u00d7 180 mm and 260 x 220 mm<\/li>\n\n\n\n<li><strong>Formes et tailles personnalis\u00e9es<\/strong>&nbsp;disponible sur demande<\/li>\n<\/ul>\n\n\n\n<p><\/p>\n\n\n\n<div id=\"wp-block-themeisle-blocks-flip-d942746f\" class=\"wp-block-themeisle-blocks-flip anim flipY\"><div class=\"o-flip-inner\"><div class=\"o-flip-front\"><div class=\"o-flip-content\"><img decoding=\"async\" class=\"o-img\" src=\"https:\/\/axxel.eu\/wp-content\/uploads\/2025\/08\/an-elegant-white-mouse-pad-with-rounded-_xI7yQ81HR8iO3xUSpirnNg_OQYD4_Q8S_2KqibVopRn6Q-1.png\" srcset=\"https:\/\/axxel.eu\/wp-content\/uploads\/2025\/08\/an-elegant-white-mouse-pad-with-rounded-_xI7yQ81HR8iO3xUSpirnNg_OQYD4_Q8S_2KqibVopRn6Q-1.png\" alt=\"Mousepads custom HZZOD\"\/><h3><\/h3><p><\/p><\/div><\/div><div class=\"o-flip-back\">\n<h3 class=\"wp-block-heading\"><\/h3>\n\n\n\n<figure class=\"wp-block-image size-large\"><img loading=\"lazy\" decoding=\"async\" width=\"1024\" height=\"574\" src=\"https:\/\/axxel.eu\/wp-content\/uploads\/2025\/08\/SfsjpaD2Trm-yfdwQ1KbpA-1024x574.webp\" alt=\"\" class=\"wp-image-461\" srcset=\"https:\/\/axxel.eu\/wp-content\/uploads\/2025\/08\/SfsjpaD2Trm-yfdwQ1KbpA-1024x574.webp 1024w, https:\/\/axxel.eu\/wp-content\/uploads\/2025\/08\/SfsjpaD2Trm-yfdwQ1KbpA-300x168.webp 300w, https:\/\/axxel.eu\/wp-content\/uploads\/2025\/08\/SfsjpaD2Trm-yfdwQ1KbpA-768x431.webp 768w, https:\/\/axxel.eu\/wp-content\/uploads\/2025\/08\/SfsjpaD2Trm-yfdwQ1KbpA-18x10.webp 18w, https:\/\/axxel.eu\/wp-content\/uploads\/2025\/08\/SfsjpaD2Trm-yfdwQ1KbpA.webp 1312w\" sizes=\"auto, (max-width: 1024px) 100vw, 1024px\" \/><\/figure>\n\n\n\n<p><\/p>\n\n\n\n<div class=\"wp-block-buttons is-content-justification-center is-layout-flex wp-container-core-buttons-is-layout-a89b3969 wp-block-buttons-is-layout-flex\"><\/div>\n<\/div><\/div><\/div>\n\n\n\n<p><\/p>","protected":false},"excerpt":{"rendered":"<p>OPTICAL MOUSEPAD Model: MS-HZZOD 220 x 180 mm and 260 x 220 mmPerfect Surface for Optical Mice and all. A durable, dual-layer mouse pad designed for both optical and ball mice. Featuring our specialized&nbsp;OMP surface film, the HZZO pad ensures flawless, high-precision tracking \u2014 regardless of the design, color scheme, [&hellip;]<\/p>","protected":false},"author":1,"featured_media":0,"parent":0,"menu_order":0,"comment_status":"closed","ping_status":"closed","template":"","meta":{"_themeisle_gutenberg_block_has_review":false,"footnotes":""},"class_list":["post-449","page","type-page","status-publish","hentry"],"yoast_head":"<!-- This site is optimized with the Yoast SEO plugin v25.7 - https:\/\/yoast.com\/wordpress\/plugins\/seo\/ -->\n<title>Mouse Pads HZZOD - Custom Mouse Pads &amp; POS for Advertising Agencies<\/title>\n<meta name=\"robots\" content=\"index, follow, max-snippet:-1, max-image-preview:large, max-video-preview:-1\" \/>\n<link rel=\"canonical\" href=\"https:\/\/axxel.eu\/fr\/mouse-pads-hzzod\/\" \/>\n<meta property=\"og:locale\" content=\"fr_FR\" \/>\n<meta property=\"og:type\" content=\"article\" \/>\n<meta property=\"og:title\" content=\"Mouse Pads HZZOD - Custom Mouse Pads &amp; POS for Advertising Agencies\" \/>\n<meta property=\"og:description\" content=\"OPTICAL MOUSEPAD Model: MS-HZZOD 220 x 180 mm and 260 x 220 mmPerfect Surface for Optical Mice and all. A durable, dual-layer mouse pad designed for both optical and ball mice. Featuring our specialized&nbsp;OMP surface film, the HZZO pad ensures flawless, high-precision tracking \u2014 regardless of the design, color scheme, [&hellip;]\" \/>\n<meta property=\"og:url\" content=\"https:\/\/axxel.eu\/fr\/mouse-pads-hzzod\/\" \/>\n<meta property=\"og:site_name\" content=\"Custom Mouse Pads &amp; POS for Advertising Agencies\" \/>\n<meta property=\"article:modified_time\" content=\"2025-08-10T09:37:50+00:00\" \/>\n<meta property=\"og:image\" content=\"https:\/\/axxel.eu\/wp-content\/uploads\/2025\/08\/an-elegant-white-mouse-pad-with-rounded-_xI7yQ81HR8iO3xUSpirnNg_OQYD4_Q8S_2KqibVopRn6Q-1.png\" \/>\n<meta name=\"twitter:card\" content=\"summary_large_image\" \/>\n<meta name=\"twitter:label1\" content=\"Dur\u00e9e de lecture estim\u00e9e\" \/>\n\t<meta name=\"twitter:data1\" content=\"1 minute\" \/>\n<script type=\"application\/ld+json\" class=\"yoast-schema-graph\">{\"@context\":\"https:\/\/schema.org\",\"@graph\":[{\"@type\":\"WebPage\",\"@id\":\"https:\/\/axxel.eu\/en\/mouse-pads-hzzod\/\",\"url\":\"https:\/\/axxel.eu\/en\/mouse-pads-hzzod\/\",\"name\":\"Mouse Pads HZZOD - Custom Mouse Pads &amp; POS for Advertising Agencies\",\"isPartOf\":{\"@id\":\"https:\/\/axxel.eu\/en\/#website\"},\"primaryImageOfPage\":{\"@id\":\"https:\/\/axxel.eu\/en\/mouse-pads-hzzod\/#primaryimage\"},\"image\":{\"@id\":\"https:\/\/axxel.eu\/en\/mouse-pads-hzzod\/#primaryimage\"},\"thumbnailUrl\":\"https:\/\/axxel.eu\/wp-content\/uploads\/2025\/08\/an-elegant-white-mouse-pad-with-rounded-_xI7yQ81HR8iO3xUSpirnNg_OQYD4_Q8S_2KqibVopRn6Q-1.png\",\"datePublished\":\"2025-08-10T07:51:03+00:00\",\"dateModified\":\"2025-08-10T09:37:50+00:00\",\"breadcrumb\":{\"@id\":\"https:\/\/axxel.eu\/en\/mouse-pads-hzzod\/#breadcrumb\"},\"inLanguage\":\"fr-FR\",\"potentialAction\":[{\"@type\":\"ReadAction\",\"target\":[\"https:\/\/axxel.eu\/en\/mouse-pads-hzzod\/\"]}]},{\"@type\":\"ImageObject\",\"inLanguage\":\"fr-FR\",\"@id\":\"https:\/\/axxel.eu\/en\/mouse-pads-hzzod\/#primaryimage\",\"url\":\"https:\/\/axxel.eu\/wp-content\/uploads\/2025\/08\/an-elegant-white-mouse-pad-with-rounded-_xI7yQ81HR8iO3xUSpirnNg_OQYD4_Q8S_2KqibVopRn6Q-1.png\",\"contentUrl\":\"https:\/\/axxel.eu\/wp-content\/uploads\/2025\/08\/an-elegant-white-mouse-pad-with-rounded-_xI7yQ81HR8iO3xUSpirnNg_OQYD4_Q8S_2KqibVopRn6Q-1.png\"},{\"@type\":\"BreadcrumbList\",\"@id\":\"https:\/\/axxel.eu\/en\/mouse-pads-hzzod\/#breadcrumb\",\"itemListElement\":[{\"@type\":\"ListItem\",\"position\":1,\"name\":\"Strona g\u0142\u00f3wna\",\"item\":\"https:\/\/axxel.eu\/en\/\"},{\"@type\":\"ListItem\",\"position\":2,\"name\":\"Mouse Pads HZZOD\"}]},{\"@type\":\"WebSite\",\"@id\":\"https:\/\/axxel.eu\/en\/#website\",\"url\":\"https:\/\/axxel.eu\/en\/\",\"name\":\"Custom Mouse Pads &amp; POS for Advertising Agencies\",\"description\":\"Make Clients Touch Your Brand\u2014Every Day.\",\"publisher\":{\"@id\":\"https:\/\/axxel.eu\/en\/#organization\"},\"potentialAction\":[{\"@type\":\"SearchAction\",\"target\":{\"@type\":\"EntryPoint\",\"urlTemplate\":\"https:\/\/axxel.eu\/en\/?s={search_term_string}\"},\"query-input\":{\"@type\":\"PropertyValueSpecification\",\"valueRequired\":true,\"valueName\":\"search_term_string\"}}],\"inLanguage\":\"fr-FR\"},{\"@type\":\"Organization\",\"@id\":\"https:\/\/axxel.eu\/en\/#organization\",\"name\":\"Custom Mouse Pads &amp; POS for Advertising Agencies\",\"url\":\"https:\/\/axxel.eu\/en\/\",\"logo\":{\"@type\":\"ImageObject\",\"inLanguage\":\"fr-FR\",\"@id\":\"https:\/\/axxel.eu\/en\/#\/schema\/logo\/image\/\",\"url\":\"https:\/\/axxel.eu\/wp-content\/uploads\/2025\/07\/cropped-Axxel-new-logo-05-LOW.png\",\"contentUrl\":\"https:\/\/axxel.eu\/wp-content\/uploads\/2025\/07\/cropped-Axxel-new-logo-05-LOW.png\",\"width\":713,\"height\":234,\"caption\":\"Custom Mouse Pads &amp; POS for Advertising Agencies\"},\"image\":{\"@id\":\"https:\/\/axxel.eu\/en\/#\/schema\/logo\/image\/\"}}]}<\/script>\n<!-- \/ Yoast SEO plugin. -->","yoast_head_json":{"title":"Mouse Pads HZZOD - Custom Mouse Pads &amp; POS for Advertising Agencies","robots":{"index":"index","follow":"follow","max-snippet":"max-snippet:-1","max-image-preview":"max-image-preview:large","max-video-preview":"max-video-preview:-1"},"canonical":"https:\/\/axxel.eu\/fr\/mouse-pads-hzzod\/","og_locale":"fr_FR","og_type":"article","og_title":"Mouse Pads HZZOD - Custom Mouse Pads &amp; POS for Advertising Agencies","og_description":"OPTICAL MOUSEPAD Model: MS-HZZOD 220 x 180 mm and 260 x 220 mmPerfect Surface for Optical Mice and all. A durable, dual-layer mouse pad designed for both optical and ball mice. Featuring our specialized&nbsp;OMP surface film, the HZZO pad ensures flawless, high-precision tracking \u2014 regardless of the design, color scheme, [&hellip;]","og_url":"https:\/\/axxel.eu\/fr\/mouse-pads-hzzod\/","og_site_name":"Custom Mouse Pads &amp; POS for Advertising Agencies","article_modified_time":"2025-08-10T09:37:50+00:00","og_image":[{"url":"https:\/\/axxel.eu\/wp-content\/uploads\/2025\/08\/an-elegant-white-mouse-pad-with-rounded-_xI7yQ81HR8iO3xUSpirnNg_OQYD4_Q8S_2KqibVopRn6Q-1.png","type":"","width":"","height":""}],"twitter_card":"summary_large_image","twitter_misc":{"Dur\u00e9e de lecture estim\u00e9e":"1 minute"},"schema":{"@context":"https:\/\/schema.org","@graph":[{"@type":"WebPage","@id":"https:\/\/axxel.eu\/en\/mouse-pads-hzzod\/","url":"https:\/\/axxel.eu\/en\/mouse-pads-hzzod\/","name":"Mouse Pads HZZOD - Custom Mouse Pads &amp; POS for Advertising Agencies","isPartOf":{"@id":"https:\/\/axxel.eu\/en\/#website"},"primaryImageOfPage":{"@id":"https:\/\/axxel.eu\/en\/mouse-pads-hzzod\/#primaryimage"},"image":{"@id":"https:\/\/axxel.eu\/en\/mouse-pads-hzzod\/#primaryimage"},"thumbnailUrl":"https:\/\/axxel.eu\/wp-content\/uploads\/2025\/08\/an-elegant-white-mouse-pad-with-rounded-_xI7yQ81HR8iO3xUSpirnNg_OQYD4_Q8S_2KqibVopRn6Q-1.png","datePublished":"2025-08-10T07:51:03+00:00","dateModified":"2025-08-10T09:37:50+00:00","breadcrumb":{"@id":"https:\/\/axxel.eu\/en\/mouse-pads-hzzod\/#breadcrumb"},"inLanguage":"fr-FR","potentialAction":[{"@type":"ReadAction","target":["https:\/\/axxel.eu\/en\/mouse-pads-hzzod\/"]}]},{"@type":"ImageObject","inLanguage":"fr-FR","@id":"https:\/\/axxel.eu\/en\/mouse-pads-hzzod\/#primaryimage","url":"https:\/\/axxel.eu\/wp-content\/uploads\/2025\/08\/an-elegant-white-mouse-pad-with-rounded-_xI7yQ81HR8iO3xUSpirnNg_OQYD4_Q8S_2KqibVopRn6Q-1.png","contentUrl":"https:\/\/axxel.eu\/wp-content\/uploads\/2025\/08\/an-elegant-white-mouse-pad-with-rounded-_xI7yQ81HR8iO3xUSpirnNg_OQYD4_Q8S_2KqibVopRn6Q-1.png"},{"@type":"BreadcrumbList","@id":"https:\/\/axxel.eu\/en\/mouse-pads-hzzod\/#breadcrumb","itemListElement":[{"@type":"ListItem","position":1,"name":"Strona g\u0142\u00f3wna","item":"https:\/\/axxel.eu\/en\/"},{"@type":"ListItem","position":2,"name":"Mouse Pads HZZOD"}]},{"@type":"WebSite","@id":"https:\/\/axxel.eu\/en\/#website","url":"https:\/\/axxel.eu\/en\/","name":"Custom Mouse Pads &amp; POS for Advertising Agencies","description":"Make Clients Touch Your Brand\u2014Every Day.","publisher":{"@id":"https:\/\/axxel.eu\/en\/#organization"},"potentialAction":[{"@type":"SearchAction","target":{"@type":"EntryPoint","urlTemplate":"https:\/\/axxel.eu\/en\/?s={search_term_string}"},"query-input":{"@type":"PropertyValueSpecification","valueRequired":true,"valueName":"search_term_string"}}],"inLanguage":"fr-FR"},{"@type":"Organization","@id":"https:\/\/axxel.eu\/en\/#organization","name":"Custom Mouse Pads &amp; POS for Advertising Agencies","url":"https:\/\/axxel.eu\/en\/","logo":{"@type":"ImageObject","inLanguage":"fr-FR","@id":"https:\/\/axxel.eu\/en\/#\/schema\/logo\/image\/","url":"https:\/\/axxel.eu\/wp-content\/uploads\/2025\/07\/cropped-Axxel-new-logo-05-LOW.png","contentUrl":"https:\/\/axxel.eu\/wp-content\/uploads\/2025\/07\/cropped-Axxel-new-logo-05-LOW.png","width":713,"height":234,"caption":"Custom Mouse Pads &amp; POS for Advertising Agencies"},"image":{"@id":"https:\/\/axxel.eu\/en\/#\/schema\/logo\/image\/"}}]}},"jetpack_sharing_enabled":true,"_links":{"self":[{"href":"https:\/\/axxel.eu\/fr\/wp-json\/wp\/v2\/pages\/449","targetHints":{"allow":["GET"]}}],"collection":[{"href":"https:\/\/axxel.eu\/fr\/wp-json\/wp\/v2\/pages"}],"about":[{"href":"https:\/\/axxel.eu\/fr\/wp-json\/wp\/v2\/types\/page"}],"author":[{"embeddable":true,"href":"https:\/\/axxel.eu\/fr\/wp-json\/wp\/v2\/users\/1"}],"replies":[{"embeddable":true,"href":"https:\/\/axxel.eu\/fr\/wp-json\/wp\/v2\/comments?post=449"}],"version-history":[{"count":0,"href":"https:\/\/axxel.eu\/fr\/wp-json\/wp\/v2\/pages\/449\/revisions"}],"wp:attachment":[{"href":"https:\/\/axxel.eu\/fr\/wp-json\/wp\/v2\/media?parent=449"}],"curies":[{"name":"wp","href":"https:\/\/api.w.org\/{rel}","templated":true}]}}